{"id":43,"date":"2022-09-16T16:15:46","date_gmt":"2022-09-16T16:15:46","guid":{"rendered":"https:\/\/lap-office.de\/?page_id=43"},"modified":"2022-10-06T20:07:47","modified_gmt":"2022-10-06T20:07:47","slug":"dienstleistungen","status":"publish","type":"page","link":"https:\/\/lap-translate.de\/?page_id=43","title":{"rendered":"Dienstleistungen"},"content":{"rendered":"\n<p class=\"has-text-align-center has-text-color has-x-large-font-size\" style=\"color:#0000ff\"><strong>DIENSTLEISTUNGEN<\/strong><\/p>\n\n\n\n<p class=\"has-text-align-center\">Unsere T\u00e4tigkeit umfasst die folgenden Dolmetscher-\/\u00dcbersetzer-Dienstleistungen, die sich zum Teil an Verbraucher und zum Teil an Unternehmer richten:<\/p>\n\n\n\n<ol class=\"has-text-color wp-block-list\" style=\"color:#0000ff\"><li><strong>DOLMETSCHEN UND \u00dcBERSETZEN<\/strong><\/li><\/ol>\n\n\n\n<p class=\"has-text-align-center\">Unsere Angebote im Bereich Dolmetschen und \u00dcbersetzen beziehen sich auf:<\/p>\n\n\n\n<ul class=\"wp-block-list\"><li><strong>Dolmetschen und \u00dcbersetzen f\u00fcr die Sprachen Rum\u00e4nisch und Deutsch;<\/strong><\/li><li><strong>Begleitung als Dolmetscher zu Terminen bei:<\/strong><ul><li>Beh\u00f6rden;<\/li><li>Notaren;<\/li><li>Rechtsanw\u00e4lten;<\/li><li>Banken;<\/li><li>(potentiellen) Arbeitgebern;<\/li><li>(potentiellen) Auftragsgebern;<\/li><li>(potentiellen) Immobilienk\u00e4ufern, -verk\u00e4ufern, -mietern und -vermietern;<\/li><\/ul><\/li><li><strong>\u00dcbersetzung von Texten allgemeiner Art sowie von Fachtexten<\/strong>.<\/li><\/ul>\n\n\n\n<p class=\"has-text-align-center\"><strong>F\u00fcr beglaubigte \u00dcbersetzungen kontaktieren Sie uns, bitte, unter den folgenden<\/strong><\/p>\n\n\n\n<p class=\"has-text-align-center\"><strong><u><a href=\"https:\/\/lap-translate.de\/?page_id=51\" data-type=\"page\" data-id=\"51\">Kontaktdaten<\/a><\/u>.<\/strong><\/p>\n","protected":false},"excerpt":{"rendered":"<p>DIENSTLEISTUNGEN Unsere T\u00e4tigkeit umfasst die folgenden Dolmetscher-\/\u00dcbersetzer-Dienstleistungen, die sich zum Teil an Verbraucher und zum Teil an Unternehmer richten: DOLMETSCHEN UND \u00dcBERSETZEN Unsere Angebote im Bereich Dolmetschen und \u00dcbersetzen beziehen sich auf: Dolmetschen und \u00dcbersetzen f\u00fcr die Sprachen Rum\u00e4nisch und Deutsch; Begleitung als Dolmetscher zu Terminen bei: Beh\u00f6rden; Notaren; Rechtsanw\u00e4lten; Banken; (potentiellen) Arbeitgebern; (potentiellen) Auftragsgebern; [&hellip;]<\/p>\n","protected":false},"author":1,"featured_media":0,"parent":0,"menu_order":0,"comment_status":"closed","ping_status":"closed","template":"wp-custom-template-neu","meta":{"footnotes":""},"class_list":["post-43","page","type-page","status-publish","hentry"],"_links":{"self":[{"href":"https:\/\/lap-translate.de\/index.php?rest_route=\/wp\/v2\/pages\/43","targetHints":{"allow":["GET"]}}],"collection":[{"href":"https:\/\/lap-translate.de\/index.php?rest_route=\/wp\/v2\/pages"}],"about":[{"href":"https:\/\/lap-translate.de\/index.php?rest_route=\/wp\/v2\/types\/page"}],"author":[{"embeddable":true,"href":"https:\/\/lap-translate.de\/index.php?rest_route=\/wp\/v2\/users\/1"}],"replies":[{"embeddable":true,"href":"https:\/\/lap-translate.de\/index.php?rest_route=%2Fwp%2Fv2%2Fcomments&post=43"}],"version-history":[{"count":1,"href":"https:\/\/lap-translate.de\/index.php?rest_route=\/wp\/v2\/pages\/43\/revisions"}],"predecessor-version":[{"id":526,"href":"https:\/\/lap-translate.de\/index.php?rest_route=\/wp\/v2\/pages\/43\/revisions\/526"}],"wp:attachment":[{"href":"https:\/\/lap-translate.de\/index.php?rest_route=%2Fwp%2Fv2%2Fmedia&parent=43"}],"curies":[{"name":"wp","href":"https:\/\/api.w.org\/{rel}","templated":true}]}}