{"id":47,"date":"2022-09-16T16:16:49","date_gmt":"2022-09-16T16:16:49","guid":{"rendered":"https:\/\/lap-office.de\/?page_id=47"},"modified":"2022-10-06T19:59:53","modified_gmt":"2022-10-06T19:59:53","slug":"preise","status":"publish","type":"page","link":"https:\/\/lap-translate.de\/?page_id=47","title":{"rendered":"Preise"},"content":{"rendered":"\n<p class=\"has-text-align-center has-text-color has-x-large-font-size\" style=\"color:#0000ff\"><strong>PREISE<\/strong><\/p>\n\n\n\n<ol class=\"has-text-color wp-block-list\" style=\"color:#0000ff\"><li><strong>DOLMETSCHEN<\/strong><\/li><\/ol>\n\n\n\n<p class=\"has-text-align-center\">Das Honorar f\u00fcr das Dolmetschen umfasst:<\/p>\n\n\n\n<ul class=\"wp-block-list\"><li>das Stundenhonorar<ul><li>f\u00fcr Vorbereitungszeiten, wenn erforderlich,<\/li><li>f\u00fcr das Dolmetschen an sich sowie<\/li><li>f\u00fcr Fahrt- und Wartezeiten,<\/li><\/ul><\/li><\/ul>\n\n\n\n<p class=\"has-text-align-center\">wobei die letzte bereits begonnene Stunde voll gerechnet wird, wenn sie zu mehr als 30 Minuten f\u00fcr die Erbringung der Leistung erforderlich war, anderenfalls betr\u00e4gt das Honorar f\u00fcr die letzte bereits begonnene Stunde die H\u00e4lfte des sich f\u00fcr eine volle Stunde ergebenden Betrags<\/p>\n\n\n\n<ul class=\"wp-block-list\"><li>den Aufwendungsersatz f\u00fcr Post- und Telekommunikationsdienstleistungen und<\/li><li>ggf. den Fahrtkostenersatz und ggf. zzgl. Parkentgelte, Kosten f\u00fcr Vignetten, Autobahngeb\u00fchren etc.<\/li><li>zzgl. Mehrwertsteuer<\/li><\/ul>\n\n\n\n<p class=\"has-text-align-center\">und gestaltet sich wie folgt:<\/p>\n\n\n\n<ul class=\"wp-block-list\"><li><strong>STUNDENHONORAR<\/strong><ul><li>75,00 \u20ac Netto\/Stunde zzgl. 14,25 \u20ac\/Stunde (19 % USt.), d. h. 89,25 \u20ac Brutto\/Stunde<\/li><\/ul><\/li><\/ul>\n\n\n\n<ul class=\"wp-block-list\"><li><strong>AUFWENDUNGEN F\u00dcR POST- UND TELEKOMMUNIKATIONSDIENSTLEISTUNGEN<\/strong><ul><li>tats\u00e4chlicher Nettobetrag zzgl. tats\u00e4chlicher Umsatzsteuer (19 % USt.), d. h. tats\u00e4chlicher Bruttobetrag oder<\/li><li>20 % Netto, jedoch h\u00f6chstens 15,00 \u20ac Netto, zzgl. 20 % USt. (19 % USt.), jedoch h\u00f6chstens 2,85 \u20ac (19 % USt.), d. h. 20 % Brutto, jedoch h\u00f6chstens 17,85 \u20ac Brutto<\/li><\/ul><\/li><\/ul>\n\n\n\n<ul class=\"wp-block-list\"><li><strong>GGF. FAHRTKOSTENERSATZ JE KILOMETER<\/strong><ul><li>ggf. 0,42 \u20ac Netto zzgl. 0,08 \u20ac (19 % USt.), 0,50 \u20ac Brutto<\/li><\/ul><\/li><\/ul>\n\n\n\n<ul class=\"wp-block-list\"><li><strong>GGF. ZZGL. PARKENTGELTE, KOSTEN F\u00dcR VIGNETTEN, AUTOBAHNGEB\u00dcHREN ETC.<\/strong><ul><li>ggf. zzgl. des tats\u00e4chlichen Nettobetrages zzgl. der tats\u00e4chlichen Umsatzsteuer (19 % USt.), d. h. zzgl. des tats\u00e4chlichen Bruttobetrages.<\/li><\/ul><\/li><\/ul>\n\n\n\n<ol start=\"2\" class=\"has-text-color wp-block-list\" style=\"color:#0000ff\"><li><strong>\u00dcBERSETZEN<\/strong><\/li><\/ol>\n\n\n\n<p class=\"has-text-align-center\">Das Honorar f\u00fcr das \u00dcbersetzen eines Textes bemisst sich<\/p>\n\n\n\n<ul class=\"wp-block-list\"><li>nach der Anzahl der Normzeilen (1 Normzeile = jeweils angefangene 55 Anschl\u00e4ge inkl. Leerzeichen des schriftlichen Textes der Zielsprache)<\/li><li>zzgl. Aufwendungsersatz f\u00fcr Post- und Telekommunikationsdienstleistungen<\/li><li>zzgl. Mehrwertsteuer<\/li><\/ul>\n\n\n\n<p class=\"has-text-align-center\">und betr\u00e4gt:<\/p>\n\n\n\n<ul class=\"wp-block-list\"><li><strong>NORMZEILENPREIS<\/strong><ul><li>1,80 \u20ac Netto\/Normzeile zzgl. 0,34 \u20ac USt.(19 % Ust.)\/Normzeile, d. h. 2,14 \u20ac Brutto\/Normzeile<\/li><\/ul><\/li><\/ul>\n\n\n\n<ul class=\"wp-block-list\"><li><strong>AUFWENDUNGEN F\u00dcR POST- UND TELEKOMMUNIKATIONSDIENSTLEISTUNGEN<\/strong><ul><li>tats\u00e4chlicher Nettobetrag zzgl. tats\u00e4chlicher Umsatzsteuer (19 % USt.), d. h. tats\u00e4chlicher Bruttobetrag oder<\/li><li>20 % Netto, jedoch h\u00f6chstens 15,00 \u20ac Netto, zzgl. 20 % USt. (19 % USt.), jedoch h\u00f6chstens 2,85 \u20ac (19 % USt.), d. h. 20 % Brutto, jedoch h\u00f6chstens 17,85 \u20ac Brutto.<\/li><\/ul><\/li><\/ul>\n\n\n\n<p class=\"has-text-align-center\"><strong>F\u00fcr die \u00dcbersetzung von Texten, die einen erh\u00f6hten Aufwand erfordern<\/strong>, z. B. wegen einer erforderlichen intensiven Recherche, einer besonderen Formatierung und\/oder einer hohen Komplexit\u00e4t, sowie bei Eilbed\u00fcrftigkeit wird das Honorar entsprechend angepasst.<\/p>\n\n\n\n<p class=\"has-text-align-center\"><strong>F\u00fcr Einzelheiten kontaktieren Sie uns, bitte, unter den folgenden<\/strong><\/p>\n\n\n\n<p class=\"has-text-align-center\"><strong><u><a href=\"https:\/\/lap-translate.de\/?page_id=51\" data-type=\"page\" data-id=\"51\">Kontaktdaten<\/a><\/u>.<\/strong><\/p>\n","protected":false},"excerpt":{"rendered":"<p>PREISE DOLMETSCHEN Das Honorar f\u00fcr das Dolmetschen umfasst: das Stundenhonorar f\u00fcr Vorbereitungszeiten, wenn erforderlich, f\u00fcr das Dolmetschen an sich sowie f\u00fcr Fahrt- und Wartezeiten, wobei die letzte bereits begonnene Stunde voll gerechnet wird, wenn sie zu mehr als 30 Minuten f\u00fcr die Erbringung der Leistung erforderlich war, anderenfalls betr\u00e4gt das Honorar f\u00fcr die letzte bereits [&hellip;]<\/p>\n","protected":false},"author":1,"featured_media":0,"parent":0,"menu_order":0,"comment_status":"closed","ping_status":"closed","template":"wp-custom-template-neu","meta":{"footnotes":""},"class_list":["post-47","page","type-page","status-publish","hentry"],"_links":{"self":[{"href":"https:\/\/lap-translate.de\/index.php?rest_route=\/wp\/v2\/pages\/47","targetHints":{"allow":["GET"]}}],"collection":[{"href":"https:\/\/lap-translate.de\/index.php?rest_route=\/wp\/v2\/pages"}],"about":[{"href":"https:\/\/lap-translate.de\/index.php?rest_route=\/wp\/v2\/types\/page"}],"author":[{"embeddable":true,"href":"https:\/\/lap-translate.de\/index.php?rest_route=\/wp\/v2\/users\/1"}],"replies":[{"embeddable":true,"href":"https:\/\/lap-translate.de\/index.php?rest_route=%2Fwp%2Fv2%2Fcomments&post=47"}],"version-history":[{"count":2,"href":"https:\/\/lap-translate.de\/index.php?rest_route=\/wp\/v2\/pages\/47\/revisions"}],"predecessor-version":[{"id":518,"href":"https:\/\/lap-translate.de\/index.php?rest_route=\/wp\/v2\/pages\/47\/revisions\/518"}],"wp:attachment":[{"href":"https:\/\/lap-translate.de\/index.php?rest_route=%2Fwp%2Fv2%2Fmedia&parent=47"}],"curies":[{"name":"wp","href":"https:\/\/api.w.org\/{rel}","templated":true}]}}