{"id":75,"date":"2022-09-16T16:29:33","date_gmt":"2022-09-16T16:29:33","guid":{"rendered":"https:\/\/lap-office.de\/?page_id=75"},"modified":"2025-03-19T16:15:17","modified_gmt":"2025-03-19T16:15:17","slug":"imressum","status":"publish","type":"page","link":"https:\/\/lap-translate.de\/?page_id=75","title":{"rendered":"Impressum"},"content":{"rendered":"\n<p class=\"has-text-align-center has-text-color has-x-large-font-size\" style=\"color:#0000ff\"><strong>IMPRESSUM<\/strong><\/p>\n\n\n\n<p class=\"has-text-align-center\"><strong>\u201eDienstanbieter\u201c<\/strong> i. S. d. \u00a7 5 Digitale-Dienste-Gesetz (DDG) ist:<\/p>\n\n\n\n<p class=\"has-text-align-center\"><strong>LIVIU ANDREI-PLATON<\/strong><\/p>\n\n\n\n<p class=\"has-text-align-center\"><strong>LAP translate<\/strong><\/p>\n\n\n\n<p class=\"has-text-align-center has-text-color\" style=\"color:#0000ff\"><strong>_______<\/strong><\/p>\n\n\n\n<p class=\"has-text-align-center\">Kontaktdaten:<\/p>\n\n\n\n<p class=\"has-text-align-center\"><strong>LIVIU ANDREI-PLATON<\/strong><\/p>\n\n\n\n<p class=\"has-text-align-center\"><strong>LAP translate<\/strong><\/p>\n\n\n\n<p class=\"has-text-align-center\"><strong>Am Schillerplatz 10<\/strong><\/p>\n\n\n\n<p class=\"has-text-align-center\"><strong>31084 Freden (Leine)<\/strong><\/p>\n\n\n\n<p class=\"has-text-align-center\"><strong>Deutschland<\/strong><\/p>\n\n\n\n<p class=\"has-text-align-center\"><strong>Telefon: +49 178 4189722<\/strong><\/p>\n\n\n\n<p class=\"has-text-align-center\"><strong>Web: <a href=\"https:\/\/www.lap-translate.de\/\">www.lap-translate.de<\/a><\/strong><\/p>\n\n\n\n<p class=\"has-text-align-center\"><strong>E-Mail: Klicken Sie bitte <a href=\"https:\/\/lap-translate.de\/wp-content\/uploads\/2022\/10\/LAP-translate_E-Mail.pdf\" data-type=\"attachment\" data-id=\"460\" target=\"_blank\" rel=\"noreferrer noopener\">hier<\/a>.<\/strong><\/p>\n\n\n\n<p class=\"has-text-align-center has-text-color\" style=\"color:#0000ff\"><strong>_______<\/strong><\/p>\n\n\n\n<p class=\"has-text-align-center\">Auf unserer Website stellen wir<\/p>\n\n\n\n<p class=\"has-text-align-center\">Dienstleistungsangebote in Bereich Dolmetschen und \u00dcbersetzen<\/p>\n\n\n\n<p class=\"has-text-align-center\">f\u00fcr die Sprachen Deutsch und Rum\u00e4nisch,<\/p>\n\n\n\n<p class=\"has-text-align-center\">sowohl f\u00fcr Verbraucher als auch f\u00fcr Unternehmer, ein.<\/p>\n\n\n\n<p class=\"has-text-align-center has-text-color\" style=\"color:#0000ff\"><strong>_______<\/strong><\/p>\n\n\n\n<p class=\"has-text-align-center\">USt.-Id.Nr. gem. \u00a7 27 a UStG:<\/p>\n\n\n\n<p class=\"has-text-align-center\">DE291571262.<\/p>\n\n\n\n<p class=\"has-text-align-center has-text-color\" style=\"color:#0000ff\"><strong>_______<\/strong><\/p>\n\n\n\n<p class=\"has-text-align-center\">Das auf die Dienstleistungsvertr\u00e4ge mit uns anwendbare Recht<\/p>\n\n\n\n<p class=\"has-text-align-center\">ist das deutsche Recht.<\/p>\n\n\n\n<p class=\"has-text-align-center has-text-color\" style=\"color:#0000ff\"><strong>_______<\/strong><\/p>\n\n\n\n<p class=\"has-text-align-center\">Der Gerichtsstand<\/p>\n\n\n\n<p class=\"has-text-align-center\">f\u00fcr Streitigkeiten aus den Dienstleistungsvertr\u00e4gen mit uns<\/p>\n\n\n\n<p class=\"has-text-align-center\">ist ausschlie\u00dflich Alfeld (Leine) &#8211; Amtsgericht &#8211; bzw. Hildesheim &#8211; Landgericht &#8211; ,<\/p>\n\n\n\n<p class=\"has-text-align-center\">soweit dies gesetzlich zul\u00e4ssig ist.<\/p>\n\n\n\n<p class=\"has-text-align-center has-text-color\" style=\"color:#0000ff\"><strong>_______<\/strong><\/p>\n\n\n\n<p class=\"has-text-align-center\">Konzeption, Design und Realisierung der Website<\/p>\n\n\n\n<p class=\"has-text-align-center\">sind erfolgt durch:<\/p>\n\n\n\n<p class=\"has-text-align-center\"><strong>LIVIU ANDREI-PLATON<\/strong><\/p>\n\n\n\n<p class=\"has-text-align-center\"><strong>LAP it<\/strong><\/p>\n\n\n\n<p class=\"has-text-align-center\"><strong>Am Schillerplatz 10<\/strong><\/p>\n\n\n\n<p class=\"has-text-align-center\"><strong>31084 Freden (Leine)<\/strong><\/p>\n\n\n\n<p class=\"has-text-align-center\"><strong>Deutschland<\/strong><\/p>\n\n\n\n<p class=\"has-text-align-center\"><strong>Telefon: +49 178 4189722<\/strong><\/p>\n\n\n\n<p class=\"has-text-align-center\"><strong>Web: <a href=\"https:\/\/www.lap-it.de\/\" target=\"_blank\" rel=\"noreferrer noopener\">www.lap-it.de<\/a><\/strong><\/p>\n\n\n\n<p class=\"has-text-align-center\"><strong>E-Mail: Klicken Sie bitte <a href=\"https:\/\/lap-translate.de\/wp-content\/uploads\/2022\/09\/LAP-it_E-Mail.pdf\" data-type=\"attachment\" data-id=\"354\" target=\"_blank\" rel=\"noreferrer noopener\">hier<\/a>.<\/strong><\/p>\n\n\n\n<p class=\"has-text-align-center has-text-color\" style=\"color:#0000ff\"><strong>_______<\/strong><\/p>\n\n\n\n<p class=\"has-text-align-center\"><strong>\u201eVerantwortlicher\u201c<\/strong> i. S. d. \u00a7 55 Abs. 2 RStV<\/p>\n\n\n\n<p class=\"has-text-align-center\">f\u00fcr die journalistisch-redaktionellen Inhalte ist<\/p>\n\n\n\n<p class=\"has-text-align-center\"><strong>LIVIU ANDREI-PLATON<\/strong>.<\/p>\n\n\n\n<p class=\"has-text-align-center has-text-color\" style=\"color:#0000ff\"><strong>_______<\/strong><\/p>\n\n\n\n<p class=\"has-text-align-center\">Die Europ\u00e4ische Kommission stellt gem. der Verordnung (EU) Nr. 524\/2013<\/p>\n\n\n\n<p class=\"has-text-align-center\">unter <a href=\"https:\/\/ec.europa.eu\/consumers\/odr\" target=\"_blank\" rel=\"noreferrer noopener\"><strong>https:\/\/ec.europa.eu\/consumers\/odr<\/strong><\/a><\/p>\n\n\n\n<p class=\"has-text-align-center\">eine Plattform zur Online-Streitbeilegung (OS) bereit.<\/p>\n\n\n\n<p class=\"has-text-align-center\">Verbraucher haben die M\u00f6glichkeit,<\/p>\n\n\n\n<p class=\"has-text-align-center\">diese Plattform f\u00fcr die Beilegung ihrer Streitigkeiten zu nutzen.<\/p>\n\n\n\n<p class=\"has-text-align-center\">Wir sind nicht bereit und nicht verpflichtet,<\/p>\n\n\n\n<p class=\"has-text-align-center\">an einem Streitbeilegungsverfahren<\/p>\n\n\n\n<p class=\"has-text-align-center\">vor einer Verbraucherschlichtungsstelle teilzunehmen.<\/p>\n\n\n\n<p class=\"has-text-align-center has-text-color\" style=\"color:#0000ff\"><strong>_______<\/strong><\/p>\n\n\n\n<p class=\"has-text-align-center\">Die Inhalte dieser Website wurden mit gr\u00f6\u00dfter Sorgfalt erstellt,<\/p>\n\n\n\n<p class=\"has-text-align-center\">f\u00fcr die Richtigkeit, Vollst\u00e4ndigkeit und Aktualit\u00e4t der Inhalte<\/p>\n\n\n\n<p class=\"has-text-align-center\">kann jedoch keine Gew\u00e4hr \u00fcbernommen werden.<\/p>\n\n\n\n<p class=\"has-text-align-center\">Dasselbe gilt auch f\u00fcr Inhalte von verlinkten Websiten Dritter,<\/p>\n\n\n\n<p class=\"has-text-align-center\">f\u00fcr die der Anbieter und\/oder Betreiber der jeweiligen Seite verantwortlich ist.<\/p>\n\n\n\n<p class=\"has-text-align-center\">Eine sorgf\u00e4ltige \u00dcberpr\u00fcfung auf m\u00f6gliche Rechtsverst\u00f6\u00dfe<\/p>\n\n\n\n<p class=\"has-text-align-center\">wurde im Zeitpunkt der Verlinkung vorgenommen,<\/p>\n\n\n\n<p class=\"has-text-align-center\">eine \u00dcberpr\u00fcfung kann jedoch ohne konkrete Anhaltspunkte<\/p>\n\n\n\n<p class=\"has-text-align-center\">nicht permanent erfolgen.<\/p>\n\n\n\n<p class=\"has-text-align-center\">Werden dagegen Rechtsverletzungen bekannt,<\/p>\n\n\n\n<p class=\"has-text-align-center\">so werden diese Links umgehend entfernt.<\/p>\n\n\n\n<p class=\"has-text-align-center has-text-color\" style=\"color:#0000ff\"><strong>_______<\/strong><\/p>\n\n\n\n<p class=\"has-text-align-center\">Die Inhalte und Werke auf dieser Website,<\/p>\n\n\n\n<p class=\"has-text-align-center\">insbesondere Texte, Fotografien und Grafiken,<\/p>\n\n\n\n<p class=\"has-text-align-center\">sind urheberrechtlich gesch\u00fctzt.<\/p>\n\n\n\n<p class=\"has-text-align-center\">Das Urheberrecht liegt bei<\/p>\n\n\n\n<p class=\"has-text-align-center\"><strong>LIVIU ANDREI-PLATON<\/strong><\/p>\n\n\n\n<p class=\"has-text-align-center\"><strong>LAP translate,<\/strong><\/p>\n\n\n\n<p class=\"has-text-align-center\">soweit es nicht ausdr\u00fccklich anders gekennzeichnet ist.<\/p>\n\n\n\n<p class=\"has-text-align-center\">Die Vervielf\u00e4ltigung, die Verbreitung, die \u00dcbertragung, die Sendung,<\/p>\n\n\n\n<p class=\"has-text-align-center\">die Darstellung, das Herunterladen, die \u00c4nderung, die Bearbeitung,<\/p>\n\n\n\n<p class=\"has-text-align-center\">die Wiederverwendung, die Neuver\u00f6ffentlichung und die Verwertung<\/p>\n\n\n\n<p class=\"has-text-align-center\">in jeglicher Form und auf jeglichem Medium,<\/p>\n\n\n\n<p class=\"has-text-align-center\">sei es elektronisch oder anderweitig,<\/p>\n\n\n\n<p class=\"has-text-align-center\">sind nicht gestattet,<\/p>\n\n\n\n<p class=\"has-text-align-center\">es sei denn, es wurde eine schriftliche Zustimmung des Autors erteilt.<\/p>\n\n\n\n<p class=\"has-text-align-center\">Wer gegen das Urheberrecht verst\u00f6\u00dft<\/p>\n\n\n\n<p class=\"has-text-align-center\">(z. B. Bilder oder Texte unerlaubt kopiert),<\/p>\n\n\n\n<p class=\"has-text-align-center\">macht sich gem. \u00a7\u00a7 106 ff UrhG strafbar,<\/p>\n\n\n\n<p class=\"has-text-align-center\">wird zudem kostenpflichtig abgemahnt<\/p>\n\n\n\n<p class=\"has-text-align-center\">und muss Schadensersatz gem. \u00a7 97 UrhG leisten.<\/p>\n\n\n\n<p class=\"has-text-align-center\">Copyright \u00a9 2025<strong> LIVIU ANDREI-PLATON, LAP translate<\/strong>, All Rights Reserved<\/p>\n\n\n\n<p class=\"has-text-align-center has-text-color\" style=\"color:#0000ff\">_______<\/p>\n","protected":false},"excerpt":{"rendered":"<p>IMPRESSUM \u201eDienstanbieter\u201c i. S. d. \u00a7 5 Digitale-Dienste-Gesetz (DDG) ist: LIVIU ANDREI-PLATON LAP translate _______ Kontaktdaten: LIVIU ANDREI-PLATON LAP translate Am Schillerplatz 10 31084 Freden (Leine) Deutschland Telefon: +49 178 4189722 Web: www.lap-translate.de E-Mail: Klicken Sie bitte hier. _______ Auf unserer Website stellen wir Dienstleistungsangebote in Bereich Dolmetschen und \u00dcbersetzen f\u00fcr die Sprachen Deutsch und [&hellip;]<\/p>\n","protected":false},"author":1,"featured_media":0,"parent":0,"menu_order":0,"comment_status":"closed","ping_status":"closed","template":"wp-custom-template-neu","meta":{"footnotes":""},"class_list":["post-75","page","type-page","status-publish","hentry"],"_links":{"self":[{"href":"https:\/\/lap-translate.de\/index.php?rest_route=\/wp\/v2\/pages\/75","targetHints":{"allow":["GET"]}}],"collection":[{"href":"https:\/\/lap-translate.de\/index.php?rest_route=\/wp\/v2\/pages"}],"about":[{"href":"https:\/\/lap-translate.de\/index.php?rest_route=\/wp\/v2\/types\/page"}],"author":[{"embeddable":true,"href":"https:\/\/lap-translate.de\/index.php?rest_route=\/wp\/v2\/users\/1"}],"replies":[{"embeddable":true,"href":"https:\/\/lap-translate.de\/index.php?rest_route=%2Fwp%2Fv2%2Fcomments&post=75"}],"version-history":[{"count":5,"href":"https:\/\/lap-translate.de\/index.php?rest_route=\/wp\/v2\/pages\/75\/revisions"}],"predecessor-version":[{"id":542,"href":"https:\/\/lap-translate.de\/index.php?rest_route=\/wp\/v2\/pages\/75\/revisions\/542"}],"wp:attachment":[{"href":"https:\/\/lap-translate.de\/index.php?rest_route=%2Fwp%2Fv2%2Fmedia&parent=75"}],"curies":[{"name":"wp","href":"https:\/\/api.w.org\/{rel}","templated":true}]}}